{"id":1510,"date":"2023-08-19T15:22:02","date_gmt":"2023-08-19T13:22:02","guid":{"rendered":"http:\/\/jiss-menage.fr\/?page_id=1510"},"modified":"2023-09-02T14:50:13","modified_gmt":"2023-09-02T12:50:13","slug":"mentions-legales","status":"publish","type":"page","link":"https:\/\/jiss-menage.fr\/index.php\/mentions-legales\/","title":{"rendered":"Mentions l\u00e9gales"},"content":{"rendered":"\n<p>1 \u2013 \u00c9dition du site<\/p>\n\n\n\n<p>En vertu de l\u2019article 6 de la loi n\u00b0 2004-575 du 21 juin 2004 pour la confiance dans l\u2019\u00e9conomie num\u00e9rique, il est pr\u00e9cis\u00e9 aux utilisateurs du site internet <a href=\"https:\/\/jiss-menage.fr\/\">https:\/\/jiss-menage.fr\/<\/a>l\u2019identit\u00e9 des diff\u00e9rents intervenants dans le cadre de sa r\u00e9alisation et de son suivi:<\/p>\n\n\n\n<p>Propri\u00e9taire du site : Ghislain Blanc \u2013 Contact : https:\/\/jiss-menage.fr\/#contact<\/p>\n\n\n\n<p>Identification de l\u2019entreprise : Jiss Menage \u2013 SIRET : 88390489800045&nbsp; \u2013 Adresse postale :<a href=\"https:\/\/www.societe.com\/entreprises\/935_che%20de%20ronde\/01380_BAGE%20LE%20CHATEL.html\">935 CHE DE RONDE 01380 BAGE-LE-CHATEL<\/a><\/p>\n\n\n\n<p>Directeur de la publication :\u00a0Ghislain Blanc<\/p>\n\n\n\n<p>H\u00e9bergeur : OVH \u2013&nbsp;<strong>2 rue Kellermann \u2013 BP 80157 59053 ROUBAIX CEDEX 1<\/strong>&nbsp;\u2013&nbsp;<\/p>\n\n\n\n<p>D\u00e9l\u00e9gu\u00e9 \u00e0 la protection des donn\u00e9es : \u2013 Ghislain Blanc<\/p>\n\n\n\n<p>2 \u2013 Propri\u00e9t\u00e9 intellectuelle et contrefa\u00e7ons.<\/p>\n\n\n\n<p>Jiss Menage est propri\u00e9taire des droits de propri\u00e9t\u00e9 intellectuelle et d\u00e9tient les droits d\u2019usage sur tous les \u00e9l\u00e9ments accessibles sur le site internet, notamment les textes, images, graphismes, logos, vid\u00e9os, architecture, ic\u00f4nes et sons.<\/p>\n\n\n\n<p>Toute reproduction, repr\u00e9sentation, modification, publication, adaptation de tout ou partie des \u00e9l\u00e9ments du site, quel que soit le moyen ou le proc\u00e9d\u00e9 utilis\u00e9, est interdite, sauf autorisation \u00e9crite pr\u00e9alable de Jiss Menage .<\/p>\n\n\n\n<p>Toute exploitation non autoris\u00e9e du site ou de l\u2019un quelconque des \u00e9l\u00e9ments qu\u2019il contient sera consid\u00e9r\u00e9e comme constitutive d\u2019une contrefa\u00e7on et poursuivie conform\u00e9ment aux dispositions des articles L.335-2 et suivants du Code de Propri\u00e9t\u00e9 Intellectuelle.<\/p>\n\n\n\n<p>3 \u2013 Limitations de responsabilit\u00e9.<\/p>\n\n\n\n<p>Jiss Menage d\u00e9cline toute responsabilit\u00e9 quant \u00e0 l\u2019utilisation qui pourrait \u00eatre faite des informations et contenus pr\u00e9sents sur https:\/\/jiss-menage.fr\/<\/p>\n\n\n\n<p>Des espaces interactifs (espace contact ou commentaires) sont \u00e0 la disposition des utilisateurs. Jiss Menage se r\u00e9serve le droit de supprimer, sans mise en demeure pr\u00e9alable, tout contenu d\u00e9pos\u00e9 dans cet espace qui contreviendrait \u00e0 la l\u00e9gislation applicable en France, en particulier aux dispositions relatives \u00e0 la protection des donn\u00e9es.<\/p>\n\n\n\n<p>Le cas \u00e9ch\u00e9ant, <a href=\"https:\/\/jiss-menage.fr\/\">https:\/\/jiss-menage.fr\/<\/a> se r\u00e9serve \u00e9galement la possibilit\u00e9 de mettre en cause la responsabilit\u00e9 civile et\/ou p\u00e9nale de l\u2019utilisateur, notamment en cas de message \u00e0 caract\u00e8re raciste, injurieux, diffamant, ou pornographique, quel que soit le support utilis\u00e9 (texte, photographie \u2026).<\/p>\n\n\n\n<p>4 \u2013 CNIL et gestion des donn\u00e9es personnelles.<\/p>\n\n\n\n<p>Conform\u00e9ment aux dispositions de la loi 78-17 du 6 janvier 1978 modifi\u00e9e, l\u2019utilisateur du site <a href=\"https:\/\/jiss-menage.fr\/\">https:\/\/jiss-menage.fr\/<\/a>dispose d\u2019un droit d\u2019acc\u00e8s, de modification et de suppression des informations collect\u00e9es. Pour exercer ce droit, envoyez un message \u00e0 notre D\u00e9l\u00e9gu\u00e9 \u00e0 la Protection des Donn\u00e9es : \u2013 .<\/p>\n\n\n\n<p>5 \u2013 Liens hypertextes et cookies<\/p>\n\n\n\n<p>Le site <a href=\"https:\/\/jiss-menage.fr\/\">https:\/\/jiss-menage.fr\/<\/a> contient des liens hypertextes vers d\u2019autres sites et d\u00e9gage toute responsabilit\u00e9 \u00e0 propos de ces liens externes ou des liens cr\u00e9\u00e9s par d\u2019autres sites vers <a href=\"https:\/\/jiss-menage.fr\/\">https:\/\/jiss-menage.fr\/<\/a><\/p>\n\n\n\n<p>La navigation sur le site <a href=\"https:\/\/jiss-menage.fr\/\">https:\/\/jiss-menage.fr\/<\/a> est susceptible de provoquer l\u2019installation de cookie(s) sur l\u2019ordinateur de l\u2019utilisateur.<\/p>\n\n\n\n<p>Un \u00ab cookie \u00bb est un fichier de petite taille qui enregistre des informations relatives \u00e0 la navigation d\u2019un utilisateur sur un site. Les donn\u00e9es ainsi obtenues permettent d\u2019obtenir des mesures de fr\u00e9quentation, par exemple.<\/p>\n\n\n\n<p>Vous avez la possibilit\u00e9 d\u2019accepter ou de refuser les cookies en modifiant les param\u00e8tres de votre navigateur. Aucun cookie ne sera d\u00e9pos\u00e9 sans votre consentement.<\/p>\n\n\n\n<p>6 \u2013 Droit applicable et attribution de juridiction.<\/p>\n\n\n\n<p>Tout litige en relation avec l\u2019utilisation du site <a href=\"https:\/\/jiss-menage.fr\/\">https:\/\/jiss-menage.fr\/<\/a>est soumis au droit fran\u00e7ais. En dehors des cas o\u00f9 la loi ne le permet pas, il est fait attribution exclusive de juridiction aux tribunaux comp\u00e9tents de Villefranche-sur-sa\u00f4ne.<\/p>\n","protected":false},"excerpt":{"rendered":"<p>1 \u2013 \u00c9dition du site En vertu de l\u2019article 6 de &#8230; <\/p>\n","protected":false},"author":1,"featured_media":0,"parent":0,"menu_order":0,"comment_status":"closed","ping_status":"closed","template":"","meta":{"_seopress_robots_primary_cat":"","footnotes":""},"class_list":["post-1510","page","type-page","status-publish","hentry"],"_links":{"self":[{"href":"https:\/\/jiss-menage.fr\/index.php\/wp-json\/wp\/v2\/pages\/1510","targetHints":{"allow":["GET"]}}],"collection":[{"href":"https:\/\/jiss-menage.fr\/index.php\/wp-json\/wp\/v2\/pages"}],"about":[{"href":"https:\/\/jiss-menage.fr\/index.php\/wp-json\/wp\/v2\/types\/page"}],"author":[{"embeddable":true,"href":"https:\/\/jiss-menage.fr\/index.php\/wp-json\/wp\/v2\/users\/1"}],"replies":[{"embeddable":true,"href":"https:\/\/jiss-menage.fr\/index.php\/wp-json\/wp\/v2\/comments?post=1510"}],"version-history":[{"count":2,"href":"https:\/\/jiss-menage.fr\/index.php\/wp-json\/wp\/v2\/pages\/1510\/revisions"}],"predecessor-version":[{"id":1939,"href":"https:\/\/jiss-menage.fr\/index.php\/wp-json\/wp\/v2\/pages\/1510\/revisions\/1939"}],"wp:attachment":[{"href":"https:\/\/jiss-menage.fr\/index.php\/wp-json\/wp\/v2\/media?parent=1510"}],"curies":[{"name":"wp","href":"https:\/\/api.w.org\/{rel}","templated":true}]}}